{"id":1507,"date":"2025-01-17T14:53:21","date_gmt":"2025-01-17T14:53:21","guid":{"rendered":"https:\/\/ebanorestaurantes.com\/?page_id=1507"},"modified":"2025-08-26T08:49:48","modified_gmt":"2025-08-26T13:49:48","slug":"homep","status":"publish","type":"page","link":"https:\/\/ebanorestaurantes.com\/en\/","title":{"rendered":"\u00c9bano Restaurants"},"content":{"rendered":"<div data-elementor-type=\"wp-page\" data-elementor-id=\"1507\" class=\"elementor elementor-1507\" data-elementor-post-type=\"page\">\n\t\t\t\t<div class=\"elementor-element elementor-element-90972ce e-flex e-con-boxed e-con e-parent\" data-id=\"90972ce\" data-element_type=\"container\" data-e-type=\"container\">\n\t\t\t\t\t<div class=\"e-con-inner\">\n\t\t\t\t<div class=\"elementor-element elementor-element-d2fd0f5 elementor-widget elementor-widget-image\" data-id=\"d2fd0f5\" data-element_type=\"widget\" data-e-type=\"widget\" data-widget_type=\"image.default\">\n\t\t\t\t<div class=\"elementor-widget-container\">\n\t\t\t\t\t\t\t\t\t\t\t\t\t\t\t\t<a href=\"\/en\/\">\n\t\t\t\t\t\t\t<img decoding=\"async\" width=\"300\" height=\"107\" src=\"https:\/\/ebanorestaurantes.com\/wp-content\/uploads\/2025\/04\/logoebano-light-at.webp\" class=\"attachment-large size-large wp-image-3128\" alt=\"logoebano-light\" srcset=\"https:\/\/ebanorestaurantes.com\/wp-content\/uploads\/2025\/04\/logoebano-light-at.webp 300w, https:\/\/ebanorestaurantes.com\/wp-content\/uploads\/2025\/04\/logoebano-light-at-18x6.webp 18w\" sizes=\"(max-width: 300px) 100vw, 300px\" title=\"\">\t\t\t\t\t\t\t\t<\/a>\n\t\t\t\t\t\t\t\t\t\t\t\t\t\t\t<\/div>\n\t\t\t\t<\/div>\n\t\t\t\t\t<\/div>\n\t\t\t\t<\/div>\n\t\t<div class=\"elementor-element elementor-element-fa42113 e-flex e-con-boxed e-con e-parent\" data-id=\"fa42113\" data-element_type=\"container\" data-e-type=\"container\">\n\t\t\t\t\t<div class=\"e-con-inner\">\n\t\t\t\t<div class=\"elementor-element elementor-element-bb1afb0 elementor-widget__width-initial elementor-widget elementor-widget-heading\" data-id=\"bb1afb0\" data-element_type=\"widget\" data-e-type=\"widget\" data-widget_type=\"heading.default\">\n\t\t\t\t<div class=\"elementor-widget-container\">\n\t\t\t\t\t<h2 class=\"elementor-heading-title elementor-size-default\">\u00c9bano Restaurants, with branches in Bogot\u00e1, Barranquilla, Pereira and Rionegro, is renowned for its signature cuisine and warm service. Enjoy an exclusive menu that fuses local and international flavors in an intimate and cozy atmosphere, an unforgettable dining experience awaits you!<\/h2>\t\t\t\t<\/div>\n\t\t\t\t<\/div>\n\t\t\t\t\t<\/div>\n\t\t\t\t<\/div>\n\t\t<div class=\"elementor-element elementor-element-9399a0b e-flex e-con-boxed e-con e-parent\" data-id=\"9399a0b\" data-element_type=\"container\" data-e-type=\"container\">\n\t\t\t\t\t<div class=\"e-con-inner\">\n\t\t\t\t<div class=\"elementor-element elementor-element-8e5c88b elementor-widget elementor-widget-heading\" data-id=\"8e5c88b\" data-element_type=\"widget\" data-e-type=\"widget\" data-widget_type=\"heading.default\">\n\t\t\t\t<div class=\"elementor-widget-container\">\n\t\t\t\t\t<h1 class=\"elementor-heading-title elementor-size-default\">Choose your gastronomic destination:<\/h1>\t\t\t\t<\/div>\n\t\t\t\t<\/div>\n\t\t\t\t<div class=\"elementor-element elementor-element-fe261e6 elementor-widget elementor-widget-heading\" data-id=\"fe261e6\" data-element_type=\"widget\" data-e-type=\"widget\" data-widget_type=\"heading.default\">\n\t\t\t\t<div class=\"elementor-widget-container\">\n\t\t\t\t\t<p class=\"elementor-heading-title elementor-size-default\">Click and live a unique experience at \u00c9bano Restaurants.<\/p>\t\t\t\t<\/div>\n\t\t\t\t<\/div>\n\t\t\t\t\t<\/div>\n\t\t\t\t<\/div>\n\t\t<div class=\"elementor-element elementor-element-6476fb3 e-flex e-con-boxed e-con e-parent\" data-id=\"6476fb3\" data-element_type=\"container\" data-e-type=\"container\">\n\t\t\t\t\t<div class=\"e-con-inner\">\n\t\t<div class=\"elementor-element elementor-element-a6bb81f e-con-full e-flex e-con e-child\" data-id=\"a6bb81f\" data-element_type=\"container\" data-e-type=\"container\">\n\t\t\t\t<div class=\"elementor-element elementor-element-e282c0c elementor-widget elementor-widget-image\" data-id=\"e282c0c\" data-element_type=\"widget\" data-e-type=\"widget\" data-widget_type=\"image.default\">\n\t\t\t\t<div class=\"elementor-widget-container\">\n\t\t\t\t\t\t\t\t\t\t\t\t\t\t\t\t<a href=\"\/en\/barranquilla\/\">\n\t\t\t\t\t\t\t<img decoding=\"async\" src=\"https:\/\/ebanorestaurantes.com\/wp-content\/uploads\/elementor\/thumbs\/ebano-baq-r3rwhijesndk3wnbm0sp6ghx4d262iwgpbvty3zgco.webp\" title=\"ebano-baq\" alt=\"ebano-baq\" loading=\"lazy\" \/>\t\t\t\t\t\t\t\t<\/a>\n\t\t\t\t\t\t\t\t\t\t\t\t\t\t\t<\/div>\n\t\t\t\t<\/div>\n\t\t\t\t<\/div>\n\t\t<div class=\"elementor-element elementor-element-b2d578e e-con-full e-flex e-con e-child\" data-id=\"b2d578e\" data-element_type=\"container\" data-e-type=\"container\">\n\t\t\t\t<div class=\"elementor-element elementor-element-6fb793b elementor-widget elementor-widget-image\" data-id=\"6fb793b\" data-element_type=\"widget\" data-e-type=\"widget\" data-widget_type=\"image.default\">\n\t\t\t\t<div class=\"elementor-widget-container\">\n\t\t\t\t\t\t\t\t\t\t\t\t\t\t\t\t<a href=\"\/en\/bogota\/\">\n\t\t\t\t\t\t\t<img decoding=\"async\" src=\"https:\/\/ebanorestaurantes.com\/wp-content\/uploads\/elementor\/thumbs\/ebano-bog-r3rwiqptpv219kv5g1w5xncl1h0f4arujejni45y88.webp\" title=\"ebano-bog\" alt=\"ebano-bog\" loading=\"lazy\" \/>\t\t\t\t\t\t\t\t<\/a>\n\t\t\t\t\t\t\t\t\t\t\t\t\t\t\t<\/div>\n\t\t\t\t<\/div>\n\t\t\t\t<\/div>\n\t\t<div class=\"elementor-element elementor-element-d879919 e-con-full e-flex e-con e-child\" data-id=\"d879919\" data-element_type=\"container\" data-e-type=\"container\">\n\t\t\t\t<div class=\"elementor-element elementor-element-38bf79c elementor-widget elementor-widget-image\" data-id=\"38bf79c\" data-element_type=\"widget\" data-e-type=\"widget\" data-widget_type=\"image.default\">\n\t\t\t\t<div class=\"elementor-widget-container\">\n\t\t\t\t\t\t\t\t\t\t\t\t\t\t\t\t<a href=\"\/en\/rionegro\/\">\n\t\t\t\t\t\t\t<img decoding=\"async\" src=\"https:\/\/ebanorestaurantes.com\/wp-content\/uploads\/elementor\/thumbs\/ebano-rio-1-r4s95loq5a9tcppn3zbjpdxozdkszhmfoigntsf8g8.webp\" title=\"ebano-rio\" alt=\"ebano-rionegro\" loading=\"lazy\" \/>\t\t\t\t\t\t\t\t<\/a>\n\t\t\t\t\t\t\t\t\t\t\t\t\t\t\t<\/div>\n\t\t\t\t<\/div>\n\t\t\t\t<\/div>\n\t\t<div class=\"elementor-element elementor-element-8d6169c e-con-full e-flex e-con e-child\" data-id=\"8d6169c\" data-element_type=\"container\" data-e-type=\"container\">\n\t\t\t\t<div class=\"elementor-element elementor-element-2ef38f2 elementor-widget elementor-widget-image\" data-id=\"2ef38f2\" data-element_type=\"widget\" data-e-type=\"widget\" data-widget_type=\"image.default\">\n\t\t\t\t<div class=\"elementor-widget-container\">\n\t\t\t\t\t\t\t\t\t\t\t\t\t\t\t\t<a href=\"\/en\/pereira\/\">\n\t\t\t\t\t\t\t<img decoding=\"async\" src=\"https:\/\/ebanorestaurantes.com\/wp-content\/uploads\/elementor\/thumbs\/ebano-pere-r3rwl9w64siujr6pnnaz5icanuj0uxtt7xtr1yergo.webp\" title=\"ebano-pere\" alt=\"ebano-pereira\" loading=\"lazy\" \/>\t\t\t\t\t\t\t\t<\/a>\n\t\t\t\t\t\t\t\t\t\t\t\t\t\t\t<\/div>\n\t\t\t\t<\/div>\n\t\t\t\t<\/div>\n\t\t\t\t\t<\/div>\n\t\t\t\t<\/div>\n\t\t<div class=\"elementor-element elementor-element-ae789d7 elementor-hidden-tablet elementor-hidden-mobile e-flex e-con-boxed e-con e-parent\" data-id=\"ae789d7\" data-element_type=\"container\" data-e-type=\"container\">\n\t\t\t\t\t<div class=\"e-con-inner\">\n\t\t\t\t<div class=\"elementor-element elementor-element-0800345 elementor-widget elementor-widget-spacer\" data-id=\"0800345\" data-element_type=\"widget\" data-e-type=\"widget\" data-widget_type=\"spacer.default\">\n\t\t\t\t<div class=\"elementor-widget-container\">\n\t\t\t\t\t\t\t<div class=\"elementor-spacer\">\n\t\t\t<div class=\"elementor-spacer-inner\"><\/div>\n\t\t<\/div>\n\t\t\t\t\t\t<\/div>\n\t\t\t\t<\/div>\n\t\t\t\t\t<\/div>\n\t\t\t\t<\/div>\n\t\t\t\t<\/div>","protected":false},"excerpt":{"rendered":"<p>\u00c9bano Restaurantes, con sucursales en Bogot\u00e1, Barranquilla, Pereira y Rionegro, es reconocido por su cocina de autor y su servicio c\u00e1lido. Disfruta de un exclusivo men\u00fa que fusiona sabores locales e internacionales en un ambiente \u00edntimo y acogedor. \u00a1Una experiencia gastron\u00f3mica inolvidable te espera!&#8230; <\/p>\n<div class=\"readmore\"><a href=\"https:\/\/ebanorestaurantes.com\/en\/\" class=\"kf-btn-link\"><span>Read more<\/span> <i class=\"fas fa-chevron-right\"><\/i><\/a><\/div>","protected":false},"author":1,"featured_media":4337,"parent":0,"menu_order":0,"comment_status":"closed","ping_status":"closed","template":"","meta":{"_acf_changed":false,"footnotes":""},"class_list":["post-1507","page","type-page","status-publish","has-post-thumbnail","hentry"],"acf":[],"_links":{"self":[{"href":"https:\/\/ebanorestaurantes.com\/en\/wp-json\/wp\/v2\/pages\/1507","targetHints":{"allow":["GET"]}}],"collection":[{"href":"https:\/\/ebanorestaurantes.com\/en\/wp-json\/wp\/v2\/pages"}],"about":[{"href":"https:\/\/ebanorestaurantes.com\/en\/wp-json\/wp\/v2\/types\/page"}],"author":[{"embeddable":true,"href":"https:\/\/ebanorestaurantes.com\/en\/wp-json\/wp\/v2\/users\/1"}],"replies":[{"embeddable":true,"href":"https:\/\/ebanorestaurantes.com\/en\/wp-json\/wp\/v2\/comments?post=1507"}],"version-history":[{"count":186,"href":"https:\/\/ebanorestaurantes.com\/en\/wp-json\/wp\/v2\/pages\/1507\/revisions"}],"predecessor-version":[{"id":4429,"href":"https:\/\/ebanorestaurantes.com\/en\/wp-json\/wp\/v2\/pages\/1507\/revisions\/4429"}],"wp:featuredmedia":[{"embeddable":true,"href":"https:\/\/ebanorestaurantes.com\/en\/wp-json\/wp\/v2\/media\/4337"}],"wp:attachment":[{"href":"https:\/\/ebanorestaurantes.com\/en\/wp-json\/wp\/v2\/media?parent=1507"}],"curies":[{"name":"wp","href":"https:\/\/api.w.org\/{rel}","templated":true}]}}