{"id":3481,"date":"2025-04-23T16:03:42","date_gmt":"2025-04-23T16:03:42","guid":{"rendered":"https:\/\/ebanorestaurantes.com\/?page_id=3481"},"modified":"2026-02-26T09:06:43","modified_gmt":"2026-02-26T14:06:43","slug":"pescados-mariscos","status":"publish","type":"page","link":"https:\/\/ebanorestaurantes.com\/en\/rionegro\/menu\/pescados-mariscos\/","title":{"rendered":"Pescados &#038; Mariscos | Men\u00fa Rionegro"},"content":{"rendered":"\t\t<div data-elementor-type=\"wp-page\" data-elementor-id=\"3481\" class=\"elementor elementor-3481\" data-elementor-post-type=\"page\">\n\t\t\t\t<div class=\"elementor-element elementor-element-e732054 e-flex e-con-boxed e-con e-parent\" data-id=\"e732054\" data-element_type=\"container\" data-e-type=\"container\" data-settings=\"{&quot;background_background&quot;:&quot;classic&quot;,&quot;sticky&quot;:&quot;top&quot;,&quot;sticky_on&quot;:[&quot;tablet&quot;,&quot;mobile&quot;],&quot;sticky_offset_mobile&quot;:115,&quot;animation&quot;:&quot;none&quot;,&quot;sticky_offset&quot;:0,&quot;sticky_effects_offset&quot;:0,&quot;sticky_anchor_link_offset&quot;:0}\">\n\t\t\t\t\t<div class=\"e-con-inner\">\n\t\t\t\t<div class=\"elementor-element elementor-element-7e780b5 elementor-widget elementor-widget-heading\" data-id=\"7e780b5\" data-element_type=\"widget\" data-e-type=\"widget\" data-widget_type=\"heading.default\">\n\t\t\t\t<div class=\"elementor-widget-container\">\n\t\t\t\t\t<h2 class=\"elementor-heading-title elementor-size-default\">Pescados &amp; Mariscos<\/h2>\t\t\t\t<\/div>\n\t\t\t\t<\/div>\n\t\t\t\t\t<\/div>\n\t\t\t\t<\/div>\n\t\t<div class=\"elementor-element elementor-element-e8d68d0 e-flex e-con-boxed e-con e-parent\" data-id=\"e8d68d0\" data-element_type=\"container\" data-e-type=\"container\" data-settings=\"{&quot;background_background&quot;:&quot;classic&quot;,&quot;animation&quot;:&quot;none&quot;}\">\n\t\t\t\t\t<div class=\"e-con-inner\">\n\t\t\t\t<div class=\"elementor-element elementor-element-897fbe7 elementor-widget elementor-widget-kaffen-restaurant-menu-grid\" data-id=\"897fbe7\" data-element_type=\"widget\" data-e-type=\"widget\" data-settings=\"{&quot;_animation&quot;:&quot;none&quot;}\" data-widget_type=\"kaffen-restaurant-menu-grid.default\">\n\t\t\t\t<div class=\"elementor-widget-container\">\n\t\t\t\t\t\n\t\t<!-- Section Menu -->\n\t\t<section class=\"section kf-menu-classic kf-parallax\">\n\t\t\t<div class=\"container\">\n\n\t\t\t\t\n\t\t\t\t\n\t\t\t\t\t\t\t\t<div class=\"kf-menu-items\">\n\t\t\t\t\t<div class=\"row\">\n\t\t\t\t\t\t\t\t\t\t\t\t<div class=\"col-xs-12 col-sm-12 col-md-6 col-lg-4 \">\n\t\t\t\t\t\t\t\n\n<!-- menu item -->\n<div class=\"kf-menu-item element-anim-1 scroll-animate\" data-animate=\"active\">\n\t\t<div class=\"image kf-image-hover\">\n\t\t<a href=\"https:\/\/ebanorestaurantes.com\/wp-content\/uploads\/2025\/04\/Langostinos-al-Ajillo.webp\" data-elementor-open-lightbox=\"yes\" data-elementor-lightbox-title=\"LANGOSTINOS AL AJILLO\"><img decoding=\"async\" src=\"https:\/\/ebanorestaurantes.com\/wp-content\/uploads\/2025\/04\/Langostinos-al-Ajillo.webp\" alt=\"LANGOSTINOS AL AJILLO\" title=\"\"><\/a>\n\t<\/div>\n\t\t<div class=\"desc\">\n\t\t<h5 class=\"name\">LANGOSTINOS AL AJILLO<\/h5>\n\t\t\t\t<div class=\"subname\">\n\t\t\t7 Unidades de langostinos U12 salteados en mantequilla de ajo, cebolla morada y pimientos. Servidos sobre pur\u00e9 de yuca y r\u00e1bano encurtido, esp\u00e1rragos rostizados y reducci\u00f3n de remolacha.\t\t<\/div>\n\t\t\t\t\t\t<div class=\"price\">\n\t\t\t$<span>164.000<\/span>\t\t<\/div>\n\t\t\t<\/div>\n<\/div>\n<!-- menu item end -->\n\t\t\t\t\t\t<\/div>\n\t\t\t\t\t\t\t\t\t\t\t\t<div class=\"col-xs-12 col-sm-12 col-md-6 col-lg-4 \">\n\t\t\t\t\t\t\t\n\n<!-- menu item -->\n<div class=\"kf-menu-item element-anim-1 scroll-animate\" data-animate=\"active\">\n\t\t<div class=\"image kf-image-hover\">\n\t\t<a href=\"https:\/\/ebanorestaurantes.com\/wp-content\/uploads\/2025\/04\/Raviolis-de-Salmon.webp\" data-elementor-open-lightbox=\"yes\" data-elementor-lightbox-title=\"RAVIOLIS DE SALM\u00d3N\"><img decoding=\"async\" src=\"https:\/\/ebanorestaurantes.com\/wp-content\/uploads\/2025\/04\/Raviolis-de-Salmon.webp\" alt=\"RAVIOLIS DE SALM\u00d3N\" title=\"\"><\/a>\n\t<\/div>\n\t\t<div class=\"desc\">\n\t\t<h5 class=\"name\">RAVIOLIS DE SALM\u00d3N<\/h5>\n\t\t\t\t<div class=\"subname\">\n\t\t\tRaviolis rellenos de salm\u00f3n servido sobre una cama de crema de eneldo, tomate Cherry confitado, crocante de queso parmessano acompa\u00f1ado de pan de ajo.\t\t<\/div>\n\t\t\t\t\t\t<div class=\"price\">\n\t\t\t$<span>82.000<\/span>\t\t<\/div>\n\t\t\t<\/div>\n<\/div>\n<!-- menu item end -->\n\t\t\t\t\t\t<\/div>\n\t\t\t\t\t\t\t\t\t\t\t\t<div class=\"col-xs-12 col-sm-12 col-md-6 col-lg-4 \">\n\t\t\t\t\t\t\t\n\n<!-- menu item -->\n<div class=\"kf-menu-item element-anim-1 scroll-animate\" data-animate=\"active\">\n\t\t<div class=\"image kf-image-hover\">\n\t\t<a href=\"https:\/\/ebanorestaurantes.com\/wp-content\/uploads\/2025\/04\/robalo-veracruzano.webp\" data-elementor-open-lightbox=\"yes\" data-elementor-lightbox-title=\"R\u00d3BALO VERACRUZANO\"><img decoding=\"async\" src=\"https:\/\/ebanorestaurantes.com\/wp-content\/uploads\/2025\/04\/robalo-veracruzano.webp\" alt=\"R\u00d3BALO VERACRUZANO\" title=\"\"><\/a>\n\t<\/div>\n\t\t<div class=\"desc\">\n\t\t<h5 class=\"name\">R\u00d3BALO VERACRUZANO<\/h5>\n\t\t\t\t<div class=\"subname\">\n\t\t\tFilete de r\u00f3balo marinado en ajo rostizado, acompa\u00f1ado de cascos de papa criolla y crema de aguacate, ba\u00f1ado con salsa de aj\u00ed, camar\u00f3n, almeja y mejill\u00f3n.\t\t<\/div>\n\t\t\t\t\t\t<div class=\"price\">\n\t\t\t$<span>84.000<\/span>\t\t<\/div>\n\t\t\t<\/div>\n<\/div>\n<!-- menu item end -->\n\t\t\t\t\t\t<\/div>\n\t\t\t\t\t\t\t\t\t\t\t\t<div class=\"col-xs-12 col-sm-12 col-md-6 col-lg-4 \">\n\t\t\t\t\t\t\t\n\n<!-- menu item -->\n<div class=\"kf-menu-item element-anim-1 scroll-animate\" data-animate=\"active\">\n\t\t<div class=\"image kf-image-hover\">\n\t\t<a href=\"https:\/\/ebanorestaurantes.com\/wp-content\/uploads\/2025\/04\/Steak-de-Salmon.webp\" data-elementor-open-lightbox=\"yes\" data-elementor-lightbox-title=\"SALM\u00d3N STEAK\"><img decoding=\"async\" src=\"https:\/\/ebanorestaurantes.com\/wp-content\/uploads\/2025\/04\/Steak-de-Salmon.webp\" alt=\"SALM\u00d3N STEAK\" title=\"\"><\/a>\n\t<\/div>\n\t\t<div class=\"desc\">\n\t\t<h5 class=\"name\">SALM\u00d3N STEAK<\/h5>\n\t\t\t\t<div class=\"subname\">\n\t\t\tFilete de salm\u00f3n parrillado, servido en cama de arroz cremoso y setas con esencia de trufa, mantequilla especiada, tapenade de aceitunas, esp\u00e1rragos rostizados y galleta de queso parmessano.\t\t<\/div>\n\t\t\t\t\t\t<div class=\"price\">\n\t\t\t$<span>93.000<\/span>\t\t<\/div>\n\t\t\t<\/div>\n<\/div>\n<!-- menu item end -->\n\t\t\t\t\t\t<\/div>\n\t\t\t\t\t\t\t\t\t\t\t\t<div class=\"col-xs-12 col-sm-12 col-md-6 col-lg-4 \">\n\t\t\t\t\t\t\t\n\n<!-- menu item -->\n<div class=\"kf-menu-item element-anim-1 scroll-animate\" data-animate=\"active\">\n\t\t<div class=\"image kf-image-hover\">\n\t\t<a href=\"https:\/\/ebanorestaurantes.com\/wp-content\/uploads\/2025\/04\/steak-de-atun.webp\" data-elementor-open-lightbox=\"yes\" data-elementor-lightbox-title=\"STEAK DE AT\u00daN\"><img decoding=\"async\" src=\"https:\/\/ebanorestaurantes.com\/wp-content\/uploads\/2025\/04\/steak-de-atun.webp\" alt=\"STEAK DE AT\u00daN\" title=\"\"><\/a>\n\t<\/div>\n\t\t<div class=\"desc\">\n\t\t<h5 class=\"name\">STEAK DE AT\u00daN<\/h5>\n\t\t\t\t<div class=\"subname\">\n\t\t\tFilete de at\u00fan rojo marinado, encostrado en ajonjol\u00ed, servido en espejo de pur\u00e9 de zanahoria y naranja, bok choi asada, ba\u00f1ada en miel de limonaria.\t\t<\/div>\n\t\t\t\t\t\t<div class=\"price\">\n\t\t\t$<span>85.000<\/span>\t\t<\/div>\n\t\t\t<\/div>\n<\/div>\n<!-- menu item end -->\n\t\t\t\t\t\t<\/div>\n\t\t\t\t\t\t\t\t\t\t\t<\/div>\n\t\t\t\t<\/div>\n\n\t\t\t\t\n\t\t\t\t\t\t\t\t\n\t\t\t<\/div>\n\t\t<\/section>\n\n\t\t\t\t\t\t<\/div>\n\t\t\t\t<\/div>\n\t\t\t\t\t<\/div>\n\t\t\t\t<\/div>\n\t\t<div class=\"elementor-element elementor-element-2f7c89d e-flex e-con-boxed e-con e-parent\" data-id=\"2f7c89d\" data-element_type=\"container\" data-e-type=\"container\">\n\t\t\t\t\t<div class=\"e-con-inner\">\n\t\t\t\t<div class=\"elementor-element elementor-element-46c3c14 elementor-widget elementor-widget-heading\" data-id=\"46c3c14\" data-element_type=\"widget\" data-e-type=\"widget\" data-widget_type=\"heading.default\">\n\t\t\t\t<div class=\"elementor-widget-container\">\n\t\t\t\t\t<p class=\"elementor-heading-title elementor-size-default\">Todos nuestros precios est\u00e1n en Pesos Colombianos (COP).<\/p>\t\t\t\t<\/div>\n\t\t\t\t<\/div>\n\t\t\t\t\t<\/div>\n\t\t\t\t<\/div>\n\t\t\t\t<\/div>\n\t\t","protected":false},"excerpt":{"rendered":"<p>Pescados &amp; Mariscos LANGOSTINOS AL AJILLO 7 Unidades de langostinos U12 salteados en mantequilla de ajo, cebolla morada y pimientos. Servidos sobre pur\u00e9 de yuca y r\u00e1bano encurtido, esp\u00e1rragos rostizados y reducci\u00f3n de remolacha. $164.000 RAVIOLIS DE SALM\u00d3N Raviolis rellenos de salm\u00f3n servido sobre&#8230; <\/p>\n<div class=\"readmore\"><a href=\"https:\/\/ebanorestaurantes.com\/en\/restaurant\/item\/steak-de-atun\/\" class=\"kf-btn-link\"><span>Read more<\/span> <i class=\"fas fa-chevron-right\"><\/i><\/a><\/div>","protected":false},"author":3,"featured_media":0,"parent":2491,"menu_order":0,"comment_status":"closed","ping_status":"closed","template":"template-layout-builder.php","meta":{"_acf_changed":false,"footnotes":""},"class_list":["post-3481","page","type-page","status-publish","hentry"],"acf":[],"_links":{"self":[{"href":"https:\/\/ebanorestaurantes.com\/en\/wp-json\/wp\/v2\/pages\/3481","targetHints":{"allow":["GET"]}}],"collection":[{"href":"https:\/\/ebanorestaurantes.com\/en\/wp-json\/wp\/v2\/pages"}],"about":[{"href":"https:\/\/ebanorestaurantes.com\/en\/wp-json\/wp\/v2\/types\/page"}],"author":[{"embeddable":true,"href":"https:\/\/ebanorestaurantes.com\/en\/wp-json\/wp\/v2\/users\/3"}],"replies":[{"embeddable":true,"href":"https:\/\/ebanorestaurantes.com\/en\/wp-json\/wp\/v2\/comments?post=3481"}],"version-history":[{"count":13,"href":"https:\/\/ebanorestaurantes.com\/en\/wp-json\/wp\/v2\/pages\/3481\/revisions"}],"predecessor-version":[{"id":5254,"href":"https:\/\/ebanorestaurantes.com\/en\/wp-json\/wp\/v2\/pages\/3481\/revisions\/5254"}],"up":[{"embeddable":true,"href":"https:\/\/ebanorestaurantes.com\/en\/wp-json\/wp\/v2\/pages\/2491"}],"wp:attachment":[{"href":"https:\/\/ebanorestaurantes.com\/en\/wp-json\/wp\/v2\/media?parent=3481"}],"curies":[{"name":"wp","href":"https:\/\/api.w.org\/{rel}","templated":true}]}}