{"id":3519,"date":"2025-04-23T17:19:15","date_gmt":"2025-04-23T17:19:15","guid":{"rendered":"https:\/\/ebanorestaurantes.com\/?page_id=3519"},"modified":"2026-02-26T09:12:23","modified_gmt":"2026-02-26T14:12:23","slug":"postres","status":"publish","type":"page","link":"https:\/\/ebanorestaurantes.com\/en\/rionegro\/menu\/postres\/","title":{"rendered":"Postres | Men\u00fa Rionegro"},"content":{"rendered":"<div data-elementor-type=\"wp-page\" data-elementor-id=\"3519\" class=\"elementor elementor-3519\" data-elementor-post-type=\"page\">\n\t\t\t\t<div class=\"elementor-element elementor-element-94a8c86 e-flex e-con-boxed e-con e-parent\" data-id=\"94a8c86\" data-element_type=\"container\" data-e-type=\"container\" data-settings=\"{&quot;background_background&quot;:&quot;classic&quot;,&quot;animation&quot;:&quot;none&quot;}\">\n\t\t\t\t\t<div class=\"e-con-inner\">\n\t\t\t\t<div class=\"elementor-element elementor-element-0cfd41e elementor-widget elementor-widget-heading\" data-id=\"0cfd41e\" data-element_type=\"widget\" data-e-type=\"widget\" data-widget_type=\"heading.default\">\n\t\t\t\t<div class=\"elementor-widget-container\">\n\t\t\t\t\t<h2 class=\"elementor-heading-title elementor-size-default\">Desserts<\/h2>\t\t\t\t<\/div>\n\t\t\t\t<\/div>\n\t\t\t\t\t<\/div>\n\t\t\t\t<\/div>\n\t\t<div class=\"elementor-element elementor-element-648ed55 e-flex e-con-boxed e-con e-parent\" data-id=\"648ed55\" data-element_type=\"container\" data-e-type=\"container\" data-settings=\"{&quot;background_background&quot;:&quot;classic&quot;,&quot;animation&quot;:&quot;none&quot;}\">\n\t\t\t\t\t<div class=\"e-con-inner\">\n\t\t\t\t<div class=\"elementor-element elementor-element-23a25d7 elementor-widget elementor-widget-kaffen-restaurant-menu-grid\" data-id=\"23a25d7\" data-element_type=\"widget\" data-e-type=\"widget\" data-settings=\"{&quot;_animation&quot;:&quot;none&quot;}\" data-widget_type=\"kaffen-restaurant-menu-grid.default\">\n\t\t\t\t<div class=\"elementor-widget-container\">\n\t\t\t\t\t\n\t\t<!-- Section Menu -->\n\t\t<section class=\"section kf-menu-classic kf-parallax\">\n\t\t\t<div class=\"container\">\n\n\t\t\t\t\n\t\t\t\t\n\t\t\t\t\t\t\t\t<div class=\"kf-menu-items\">\n\t\t\t\t\t<div class=\"row\">\n\t\t\t\t\t\t\t\t\t\t\t\t<div class=\"col-xs-12 col-sm-12 col-md-6 col-lg-4\">\n\t\t\t\t\t\t\t\n\n<!-- menu item -->\n<div class=\"kf-menu-item element-anim-1 scroll-animate\" data-animate=\"active\">\n\t\t<div class=\"image kf-image-hover\">\n\t\t<a href=\"https:\/\/ebanorestaurantes.com\/wp-content\/uploads\/2025\/04\/Cheese-cake-ebano.webp\" data-elementor-open-lightbox=\"yes\" data-elementor-lightbox-title=\"CHEESE CAKE \u00c9BANO\"><img decoding=\"async\" src=\"https:\/\/ebanorestaurantes.com\/wp-content\/uploads\/2025\/04\/Cheese-cake-ebano.webp\" alt=\"CHEESE CAKE \u00c9BANO\" title=\"\"><\/a>\n\t<\/div>\n\t\t<div class=\"desc\">\n\t\t<h5 class=\"name\">CHEESE CAKE \u00c9BANO<\/h5>\n\t\t\t\t<div class=\"subname\">\n\t\t\tPrepared with a base of marialuisa cake, Antioquian cheese and pieces of guava sandwich, served with aguardiente ice cream.\t\t<\/div>\n\t\t\t\t\t\t<div class=\"price\">\n\t\t\t$<span>30.000<\/span>\t\t<\/div>\n\t\t\t<\/div>\n<\/div>\n<!-- menu item end -->\n\t\t\t\t\t\t<\/div>\n\t\t\t\t\t\t\t\t\t\t\t\t<div class=\"col-xs-12 col-sm-12 col-md-6 col-lg-4\">\n\t\t\t\t\t\t\t\n\n<!-- menu item -->\n<div class=\"kf-menu-item element-anim-1 scroll-animate\" data-animate=\"active\">\n\t\t<div class=\"image kf-image-hover\">\n\t\t<a href=\"https:\/\/ebanorestaurantes.com\/wp-content\/uploads\/2025\/04\/Esfera-de-pina-colada.webp\" data-elementor-open-lightbox=\"yes\" data-elementor-lightbox-title=\"ESFERA DE PI\u00d1A COLADA\"><img decoding=\"async\" src=\"https:\/\/ebanorestaurantes.com\/wp-content\/uploads\/2025\/04\/Esfera-de-pina-colada.webp\" alt=\"PI\u00d1A COLADA SPHERE\" title=\"\"><\/a>\n\t<\/div>\n\t\t<div class=\"desc\">\n\t\t<h5 class=\"name\">PI\u00d1A COLADA SPHERE<\/h5>\n\t\t\t\t<div class=\"subname\">\n\t\t\tChocolate sphere filled with creamy coconut mousse, served with roasted pineapple, passion fruit sauce and vanilla cream.\t\t<\/div>\n\t\t\t\t\t\t<div class=\"price\">\n\t\t\t$<span>30.000<\/span>\t\t<\/div>\n\t\t\t<\/div>\n<\/div>\n<!-- menu item end -->\n\t\t\t\t\t\t<\/div>\n\t\t\t\t\t\t\t\t\t\t\t\t<div class=\"col-xs-12 col-sm-12 col-md-6 col-lg-4\">\n\t\t\t\t\t\t\t\n\n<!-- menu item -->\n<div class=\"kf-menu-item element-anim-1 scroll-animate\" data-animate=\"active\">\n\t\t<div class=\"image kf-image-hover\">\n\t\t<a href=\"https:\/\/ebanorestaurantes.com\/wp-content\/uploads\/2025\/04\/Flan-de-la-Casa.webp\" data-elementor-open-lightbox=\"yes\" data-elementor-lightbox-title=\"FLAN DE LA CASA\"><img decoding=\"async\" src=\"https:\/\/ebanorestaurantes.com\/wp-content\/uploads\/2025\/04\/Flan-de-la-Casa.webp\" alt=\"HOUSE FLAN\" title=\"\"><\/a>\n\t<\/div>\n\t\t<div class=\"desc\">\n\t\t<h5 class=\"name\">HOUSE FLAN<\/h5>\n\t\t\t\t<div class=\"subname\">\n\t\t\tTraditional caramel flan served with smoked arequipe sauce and rice pudding foam.\t\t<\/div>\n\t\t\t\t\t\t<div class=\"price\">\n\t\t\t$<span>30.000<\/span>\t\t<\/div>\n\t\t\t<\/div>\n<\/div>\n<!-- menu item end -->\n\t\t\t\t\t\t<\/div>\n\t\t\t\t\t\t\t\t\t\t\t\t<div class=\"col-xs-12 col-sm-12 col-md-6 col-lg-4\">\n\t\t\t\t\t\t\t\n\n<!-- menu item -->\n<div class=\"kf-menu-item element-anim-1 scroll-animate\" data-animate=\"active\">\n\t\t<div class=\"image kf-image-hover\">\n\t\t<a href=\"https:\/\/ebanorestaurantes.com\/wp-content\/uploads\/2025\/04\/Pannacotta.webp\" data-elementor-open-lightbox=\"yes\" data-elementor-lightbox-title=\"PANNACOTTA DIET\u00c9TICA\"><img decoding=\"async\" src=\"https:\/\/ebanorestaurantes.com\/wp-content\/uploads\/2025\/04\/Pannacotta.webp\" alt=\"DIET PANNACOTTA\" title=\"\"><\/a>\n\t<\/div>\n\t\t<div class=\"desc\">\n\t\t<h5 class=\"name\">DIET PANNACOTTA<\/h5>\n\t\t\t\t<div class=\"subname\">\n\t\t\tPrepared with cream, Stevia and cream, bathed in hibiscus flower sauce.\t\t<\/div>\n\t\t\t\t\t\t<div class=\"price\">\n\t\t\t$<span>30.000<\/span>\t\t<\/div>\n\t\t\t<\/div>\n<\/div>\n<!-- menu item end -->\n\t\t\t\t\t\t<\/div>\n\t\t\t\t\t\t\t\t\t\t\t\t<div class=\"col-xs-12 col-sm-12 col-md-6 col-lg-4\">\n\t\t\t\t\t\t\t\n\n<!-- menu item -->\n<div class=\"kf-menu-item element-anim-1 scroll-animate\" data-animate=\"active\">\n\t\t<div class=\"image kf-image-hover\">\n\t\t<a href=\"https:\/\/ebanorestaurantes.com\/wp-content\/uploads\/2025\/04\/Pie-de-Limon.webp\" data-elementor-open-lightbox=\"yes\" data-elementor-lightbox-title=\"PIE DE LIM\u00d3N\"><img decoding=\"async\" src=\"https:\/\/ebanorestaurantes.com\/wp-content\/uploads\/2025\/04\/Pie-de-Limon.webp\" alt=\"LEMON PIE\" title=\"\"><\/a>\n\t<\/div>\n\t\t<div class=\"desc\">\n\t\t<h5 class=\"name\">LEMON PIE<\/h5>\n\t\t\t\t<div class=\"subname\">\n\t\t\tTraditional lemon pie with almond cookie base, served with Italian meringue powder and balsamic vinegar reduction.\t\t<\/div>\n\t\t\t\t\t\t<div class=\"price\">\n\t\t\t$<span>30.000<\/span>\t\t<\/div>\n\t\t\t<\/div>\n<\/div>\n<!-- menu item end -->\n\t\t\t\t\t\t<\/div>\n\t\t\t\t\t\t\t\t\t\t\t\t<div class=\"col-xs-12 col-sm-12 col-md-6 col-lg-4\">\n\t\t\t\t\t\t\t\n\n<!-- menu item -->\n<div class=\"kf-menu-item element-anim-1 scroll-animate\" data-animate=\"active\">\n\t\t<div class=\"image kf-image-hover\">\n\t\t<a href=\"https:\/\/ebanorestaurantes.com\/wp-content\/uploads\/2025\/04\/Profiterol.webp\" data-elementor-open-lightbox=\"yes\" data-elementor-lightbox-title=\"PROFITEROL\"><img decoding=\"async\" src=\"https:\/\/ebanorestaurantes.com\/wp-content\/uploads\/2025\/04\/Profiterol.webp\" alt=\"PROFITEROL\" title=\"\"><\/a>\n\t<\/div>\n\t\t<div class=\"desc\">\n\t\t<h5 class=\"name\">PROFITEROL<\/h5>\n\t\t\t\t<div class=\"subname\">\n\t\t\tFilled with whiskey cream, dipped in 60% chocolate, decorated with pistachio powder, poppy seeds, caramel sauce, cookie powder and vanilla ice cream.\t\t<\/div>\n\t\t\t\t\t\t<div class=\"price\">\n\t\t\t$<span>30.000<\/span>\t\t<\/div>\n\t\t\t<\/div>\n<\/div>\n<!-- menu item end -->\n\t\t\t\t\t\t<\/div>\n\t\t\t\t\t\t\t\t\t\t\t<\/div>\n\t\t\t\t<\/div>\n\n\t\t\t\t\n\t\t\t\t\t\t\t\t\n\t\t\t<\/div>\n\t\t<\/section>\n\n\t\t\t\t\t\t<\/div>\n\t\t\t\t<\/div>\n\t\t\t\t\t<\/div>\n\t\t\t\t<\/div>\n\t\t<div class=\"elementor-element elementor-element-4c7f73c e-flex e-con-boxed e-con e-parent\" data-id=\"4c7f73c\" data-element_type=\"container\" data-e-type=\"container\">\n\t\t\t\t\t<div class=\"e-con-inner\">\n\t\t\t\t<div class=\"elementor-element elementor-element-b2310b7 elementor-widget elementor-widget-heading\" data-id=\"b2310b7\" data-element_type=\"widget\" data-e-type=\"widget\" data-widget_type=\"heading.default\">\n\t\t\t\t<div class=\"elementor-widget-container\">\n\t\t\t\t\t<p class=\"elementor-heading-title elementor-size-default\">All our prices are in Colombian Pesos (COP).<\/p>\t\t\t\t<\/div>\n\t\t\t\t<\/div>\n\t\t\t\t\t<\/div>\n\t\t\t\t<\/div>\n\t\t\t\t<\/div>","protected":false},"excerpt":{"rendered":"<p>Postres CHEESE CAKE \u00c9BANO Preparado con base de torta marialuisa, quesito antioque\u00f1o y trozos de bocadillo de guayaba, servido con helado de aguardiente. $30.000 ESFERA DE PI\u00d1A COLADA Esfera de chocolate rellena de mousse cremoso de coco, servida con pi\u00f1a rostizada, salsa de maracuy\u00e1&#8230; <\/p>\n<div class=\"readmore\"><a href=\"https:\/\/ebanorestaurantes.com\/en\/restaurant\/item\/profiterol\/\" class=\"kf-btn-link\"><span>Read more<\/span> <i class=\"fas fa-chevron-right\"><\/i><\/a><\/div>","protected":false},"author":3,"featured_media":0,"parent":2491,"menu_order":0,"comment_status":"closed","ping_status":"closed","template":"template-layout-builder.php","meta":{"_acf_changed":false,"footnotes":""},"class_list":["post-3519","page","type-page","status-publish","hentry"],"acf":[],"_links":{"self":[{"href":"https:\/\/ebanorestaurantes.com\/en\/wp-json\/wp\/v2\/pages\/3519","targetHints":{"allow":["GET"]}}],"collection":[{"href":"https:\/\/ebanorestaurantes.com\/en\/wp-json\/wp\/v2\/pages"}],"about":[{"href":"https:\/\/ebanorestaurantes.com\/en\/wp-json\/wp\/v2\/types\/page"}],"author":[{"embeddable":true,"href":"https:\/\/ebanorestaurantes.com\/en\/wp-json\/wp\/v2\/users\/3"}],"replies":[{"embeddable":true,"href":"https:\/\/ebanorestaurantes.com\/en\/wp-json\/wp\/v2\/comments?post=3519"}],"version-history":[{"count":10,"href":"https:\/\/ebanorestaurantes.com\/en\/wp-json\/wp\/v2\/pages\/3519\/revisions"}],"predecessor-version":[{"id":5269,"href":"https:\/\/ebanorestaurantes.com\/en\/wp-json\/wp\/v2\/pages\/3519\/revisions\/5269"}],"up":[{"embeddable":true,"href":"https:\/\/ebanorestaurantes.com\/en\/wp-json\/wp\/v2\/pages\/2491"}],"wp:attachment":[{"href":"https:\/\/ebanorestaurantes.com\/en\/wp-json\/wp\/v2\/media?parent=3519"}],"curies":[{"name":"wp","href":"https:\/\/api.w.org\/{rel}","templated":true}]}}