{"id":4517,"date":"2025-11-14T07:29:33","date_gmt":"2025-11-14T12:29:33","guid":{"rendered":"https:\/\/ebanorestaurantes.com\/?page_id=4517"},"modified":"2026-02-27T11:44:03","modified_gmt":"2026-02-27T16:44:03","slug":"pescados-mariscos","status":"publish","type":"page","link":"https:\/\/ebanorestaurantes.com\/en\/pereira\/menu\/pescados-mariscos\/","title":{"rendered":"Pescados &#038; Mariscos | Men\u00fa Pereira"},"content":{"rendered":"<div data-elementor-type=\"wp-page\" data-elementor-id=\"4517\" class=\"elementor elementor-4517\" data-elementor-post-type=\"page\">\n\t\t\t\t<div class=\"elementor-element elementor-element-a006221 e-flex e-con-boxed e-con e-parent\" data-id=\"a006221\" data-element_type=\"container\" data-e-type=\"container\">\n\t\t\t\t\t<div class=\"e-con-inner\">\n\t\t\t\t<div class=\"elementor-element elementor-element-87b28c2 elementor-widget elementor-widget-heading\" data-id=\"87b28c2\" data-element_type=\"widget\" data-e-type=\"widget\" data-widget_type=\"heading.default\">\n\t\t\t\t<div class=\"elementor-widget-container\">\n\t\t\t\t\t<h2 class=\"elementor-heading-title elementor-size-default\">Fish &amp; Seafood<\/h2>\t\t\t\t<\/div>\n\t\t\t\t<\/div>\n\t\t\t\t\t<\/div>\n\t\t\t\t<\/div>\n\t\t<div class=\"elementor-element elementor-element-e8d68d0 e-flex e-con-boxed e-con e-parent\" data-id=\"e8d68d0\" data-element_type=\"container\" data-e-type=\"container\" data-settings=\"{&quot;background_background&quot;:&quot;classic&quot;}\">\n\t\t\t\t\t<div class=\"e-con-inner\">\n\t\t\t\t<div class=\"elementor-element elementor-element-897fbe7 elementor-widget elementor-widget-kaffen-restaurant-menu-grid\" data-id=\"897fbe7\" data-element_type=\"widget\" data-e-type=\"widget\" data-widget_type=\"kaffen-restaurant-menu-grid.default\">\n\t\t\t\t<div class=\"elementor-widget-container\">\n\t\t\t\t\t\n\t\t<!-- Section Menu -->\n\t\t<section class=\"section kf-menu-classic kf-parallax\">\n\t\t\t<div class=\"container\">\n\n\t\t\t\t\n\t\t\t\t\n\t\t\t\t\t\t\t\t<div class=\"kf-menu-items\">\n\t\t\t\t\t<div class=\"row\">\n\t\t\t\t\t\t\t\t\t\t\t\t<div class=\"col-xs-12 col-sm-12 col-md-6 col-lg-4\">\n\t\t\t\t\t\t\t\n\n<!-- menu item -->\n<div class=\"kf-menu-item element-anim-1 scroll-animate\" data-animate=\"active\">\n\t\t<div class=\"image kf-image-hover\">\n\t\t<a href=\"https:\/\/ebanorestaurantes.com\/wp-content\/uploads\/2025\/04\/preview-item-menu-pereira-web.webp\" data-elementor-open-lightbox=\"yes\" data-elementor-lightbox-title=\"CAZUELA DE MARISCOS\"><img decoding=\"async\" src=\"https:\/\/ebanorestaurantes.com\/wp-content\/uploads\/2025\/04\/preview-item-menu-pereira-web.webp\" alt=\"Seafood Casserole\" title=\"\"><\/a>\n\t<\/div>\n\t\t<div class=\"desc\">\n\t\t<h5 class=\"name\">Seafood Casserole<\/h5>\n\t\t\t\t<div class=\"subname\">\n\t\t\tSeafood mix in lobster bisque with yellow chili and panca pepper in cream sauce with toasted bread in garlic butter.\t\t<\/div>\n\t\t\t\t\t\t<div class=\"price\">\n\t\t\t$<span>90.000<\/span>\t\t<\/div>\n\t\t\t<\/div>\n<\/div>\n<!-- menu item end -->\n\t\t\t\t\t\t<\/div>\n\t\t\t\t\t\t\t\t\t\t\t\t<div class=\"col-xs-12 col-sm-12 col-md-6 col-lg-4\">\n\t\t\t\t\t\t\t\n\n<!-- menu item -->\n<div class=\"kf-menu-item element-anim-1 scroll-animate\" data-animate=\"active\">\n\t\t<div class=\"image kf-image-hover\">\n\t\t<a href=\"https:\/\/ebanorestaurantes.com\/wp-content\/uploads\/2025\/04\/preview-item-menu-pereira-web.webp\" data-elementor-open-lightbox=\"yes\" data-elementor-lightbox-title=\"LANGOSTINOS EN COSTRA DE PL\u00c1TANO\"><img decoding=\"async\" src=\"https:\/\/ebanorestaurantes.com\/wp-content\/uploads\/2025\/04\/preview-item-menu-pereira-web.webp\" alt=\"PRAWNS IN A BANANA CRUST\" title=\"\"><\/a>\n\t<\/div>\n\t\t<div class=\"desc\">\n\t\t<h5 class=\"name\">PRAWNS IN A BANANA CRUST<\/h5>\n\t\t\t\t<div class=\"subname\">\n\t\t\tServed with mashed potatoes and a passion fruit-mango chutney.\t\t<\/div>\n\t\t\t\t\t\t<div class=\"price\">\n\t\t\t$<span>96.500<\/span>\t\t<\/div>\n\t\t\t<\/div>\n<\/div>\n<!-- menu item end -->\n\t\t\t\t\t\t<\/div>\n\t\t\t\t\t\t\t\t\t\t\t\t<div class=\"col-xs-12 col-sm-12 col-md-6 col-lg-4\">\n\t\t\t\t\t\t\t\n\n<!-- menu item -->\n<div class=\"kf-menu-item element-anim-1 scroll-animate\" data-animate=\"active\">\n\t\t<div class=\"image kf-image-hover\">\n\t\t<a href=\"https:\/\/ebanorestaurantes.com\/wp-content\/uploads\/2025\/04\/preview-item-menu-pereira-web.webp\" data-elementor-open-lightbox=\"yes\" data-elementor-lightbox-title=\"R\u00d3BALO EN SABAY\u00d3N DE PAPRIKA Y LIM\u00d3N\"><img decoding=\"async\" src=\"https:\/\/ebanorestaurantes.com\/wp-content\/uploads\/2025\/04\/preview-item-menu-pereira-web.webp\" alt=\"SEA BASS IN PAPRIKA AND LEMON SABAYON\" title=\"\"><\/a>\n\t<\/div>\n\t\t<div class=\"desc\">\n\t\t<h5 class=\"name\">SEA BASS IN PAPRIKA AND LEMON SABAYON<\/h5>\n\t\t\t\t<div class=\"subname\">\n\t\t\tWith crispy asparagus and basmati rice.\t\t<\/div>\n\t\t\t\t\t\t<div class=\"price\">\n\t\t\t$<span>94.000<\/span>\t\t<\/div>\n\t\t\t<\/div>\n<\/div>\n<!-- menu item end -->\n\t\t\t\t\t\t<\/div>\n\t\t\t\t\t\t\t\t\t\t\t\t<div class=\"col-xs-12 col-sm-12 col-md-6 col-lg-4\">\n\t\t\t\t\t\t\t\n\n<!-- menu item -->\n<div class=\"kf-menu-item element-anim-1 scroll-animate\" data-animate=\"active\">\n\t\t<div class=\"image kf-image-hover\">\n\t\t<a href=\"https:\/\/ebanorestaurantes.com\/wp-content\/uploads\/2025\/04\/preview-item-menu-pereira-web.webp\" data-elementor-open-lightbox=\"yes\" data-elementor-lightbox-title=\"SALM\u00d3N EN MANZANAS CARAMELIZADAS Y QUESO AZUL GRATINADO\"><img decoding=\"async\" src=\"https:\/\/ebanorestaurantes.com\/wp-content\/uploads\/2025\/04\/preview-item-menu-pereira-web.webp\" alt=\"SALMON WITH CARAMELIZED APPLES AND GRATIN\u00c9ED BLUE CHEESE\" title=\"\"><\/a>\n\t<\/div>\n\t\t<div class=\"desc\">\n\t\t<h5 class=\"name\">SALMON WITH CARAMELIZED APPLES AND GRATIN\u00c9ED BLUE CHEESE<\/h5>\n\t\t\t\t<div class=\"subname\">\n\t\t\tServed with crispy smashed potatoes, asparagus, and organic tomatoes.\t\t<\/div>\n\t\t\t\t\t\t<div class=\"price\">\n\t\t\t$<span>97.500<\/span>\t\t<\/div>\n\t\t\t<\/div>\n<\/div>\n<!-- menu item end -->\n\t\t\t\t\t\t<\/div>\n\t\t\t\t\t\t\t\t\t\t\t\t<div class=\"col-xs-12 col-sm-12 col-md-6 col-lg-4\">\n\t\t\t\t\t\t\t\n\n<!-- menu item -->\n<div class=\"kf-menu-item element-anim-1 scroll-animate\" data-animate=\"active\">\n\t\t<div class=\"image kf-image-hover\">\n\t\t<a href=\"https:\/\/ebanorestaurantes.com\/wp-content\/uploads\/2025\/04\/preview-item-menu-pereira-web.webp\" data-elementor-open-lightbox=\"yes\" data-elementor-lightbox-title=\"SALM\u00d3N EN REDUCCI\u00d3N DE AGRAZ Y FLOR DE JAMAICA\"><img decoding=\"async\" src=\"https:\/\/ebanorestaurantes.com\/wp-content\/uploads\/2025\/04\/preview-item-menu-pereira-web.webp\" alt=\"SALMON IN A REDUCTION OF GREEN WATER AND HIBISCUS FLOWER\" title=\"\"><\/a>\n\t<\/div>\n\t\t<div class=\"desc\">\n\t\t<h5 class=\"name\">SALMON IN A REDUCTION OF GREEN WATER AND HIBISCUS FLOWER<\/h5>\n\t\t\t\t<div class=\"subname\">\n\t\t\tWith sweet corn puree and organic vegetables.\t\t<\/div>\n\t\t\t\t\t\t<div class=\"price\">\n\t\t\t$<span>86.500<\/span>\t\t<\/div>\n\t\t\t<\/div>\n<\/div>\n<!-- menu item end -->\n\t\t\t\t\t\t<\/div>\n\t\t\t\t\t\t\t\t\t\t\t<\/div>\n\t\t\t\t<\/div>\n\n\t\t\t\t\n\t\t\t\t\t\t\t\t\n\t\t\t<\/div>\n\t\t<\/section>\n\n\t\t\t\t\t\t<\/div>\n\t\t\t\t<\/div>\n\t\t\t\t\t<\/div>\n\t\t\t\t<\/div>\n\t\t\t\t<\/div>","protected":false},"excerpt":{"rendered":"<p>Pescados &amp; Mariscos CAZUELA DE MARISCOS Mix de mariscos en bisque de langosta con aj\u00ed amarillo y panca en crema de leche con pan tostado en mantequilla de ajo. $90.000 LANGOSTINOS EN COSTRA DE PL\u00c1TANO Acompa\u00f1ado depure de patatas y un chutney de maracumango&#8230;. <\/p>\n<div class=\"readmore\"><a href=\"https:\/\/ebanorestaurantes.com\/en\/restaurant\/item\/salmon-en-reduccion-de-agraz-y-flor-de-jamaica\/\" class=\"kf-btn-link\"><span>Read more<\/span> <i class=\"fas fa-chevron-right\"><\/i><\/a><\/div>","protected":false},"author":1,"featured_media":0,"parent":2668,"menu_order":0,"comment_status":"closed","ping_status":"closed","template":"template-layout-builder.php","meta":{"_acf_changed":false,"footnotes":""},"class_list":["post-4517","page","type-page","status-publish","hentry"],"acf":[],"_links":{"self":[{"href":"https:\/\/ebanorestaurantes.com\/en\/wp-json\/wp\/v2\/pages\/4517","targetHints":{"allow":["GET"]}}],"collection":[{"href":"https:\/\/ebanorestaurantes.com\/en\/wp-json\/wp\/v2\/pages"}],"about":[{"href":"https:\/\/ebanorestaurantes.com\/en\/wp-json\/wp\/v2\/types\/page"}],"author":[{"embeddable":true,"href":"https:\/\/ebanorestaurantes.com\/en\/wp-json\/wp\/v2\/users\/1"}],"replies":[{"embeddable":true,"href":"https:\/\/ebanorestaurantes.com\/en\/wp-json\/wp\/v2\/comments?post=4517"}],"version-history":[{"count":7,"href":"https:\/\/ebanorestaurantes.com\/en\/wp-json\/wp\/v2\/pages\/4517\/revisions"}],"predecessor-version":[{"id":5278,"href":"https:\/\/ebanorestaurantes.com\/en\/wp-json\/wp\/v2\/pages\/4517\/revisions\/5278"}],"up":[{"embeddable":true,"href":"https:\/\/ebanorestaurantes.com\/en\/wp-json\/wp\/v2\/pages\/2668"}],"wp:attachment":[{"href":"https:\/\/ebanorestaurantes.com\/en\/wp-json\/wp\/v2\/media?parent=4517"}],"curies":[{"name":"wp","href":"https:\/\/api.w.org\/{rel}","templated":true}]}}