{"id":4525,"date":"2025-11-14T07:41:55","date_gmt":"2025-11-14T12:41:55","guid":{"rendered":"https:\/\/ebanorestaurantes.com\/?page_id=4525"},"modified":"2026-02-27T11:44:22","modified_gmt":"2026-02-27T16:44:22","slug":"pollo","status":"publish","type":"page","link":"https:\/\/ebanorestaurantes.com\/en\/pereira\/menu\/pollo\/","title":{"rendered":"Pollo | Men\u00fa Pereira"},"content":{"rendered":"<div data-elementor-type=\"wp-page\" data-elementor-id=\"4525\" class=\"elementor elementor-4525\" data-elementor-post-type=\"page\">\n\t\t\t\t<div class=\"elementor-element elementor-element-e41f782 e-flex e-con-boxed e-con e-parent\" data-id=\"e41f782\" data-element_type=\"container\" data-e-type=\"container\">\n\t\t\t\t\t<div class=\"e-con-inner\">\n\t\t\t\t<div class=\"elementor-element elementor-element-d86ba37 elementor-widget elementor-widget-heading\" data-id=\"d86ba37\" data-element_type=\"widget\" data-e-type=\"widget\" data-widget_type=\"heading.default\">\n\t\t\t\t<div class=\"elementor-widget-container\">\n\t\t\t\t\t<h2 class=\"elementor-heading-title elementor-size-default\">Chicken<\/h2>\t\t\t\t<\/div>\n\t\t\t\t<\/div>\n\t\t\t\t\t<\/div>\n\t\t\t\t<\/div>\n\t\t<div class=\"elementor-element elementor-element-d37f464 e-flex e-con-boxed e-con e-parent\" data-id=\"d37f464\" data-element_type=\"container\" data-e-type=\"container\" data-settings=\"{&quot;background_background&quot;:&quot;classic&quot;}\">\n\t\t\t\t\t<div class=\"e-con-inner\">\n\t\t\t\t<div class=\"elementor-element elementor-element-3ccebcb elementor-widget elementor-widget-kaffen-restaurant-menu-grid\" data-id=\"3ccebcb\" data-element_type=\"widget\" data-e-type=\"widget\" data-widget_type=\"kaffen-restaurant-menu-grid.default\">\n\t\t\t\t<div class=\"elementor-widget-container\">\n\t\t\t\t\t\n\t\t<!-- Section Menu -->\n\t\t<section class=\"section kf-menu-classic kf-parallax\">\n\t\t\t<div class=\"container\">\n\n\t\t\t\t\n\t\t\t\t\n\t\t\t\t\t\t\t\t<div class=\"kf-menu-items\">\n\t\t\t\t\t<div class=\"row\">\n\t\t\t\t\t\t\t\t\t\t\t\t<div class=\"col-xs-12 col-sm-12 col-md-6 col-lg-4\">\n\t\t\t\t\t\t\t\n\n<!-- menu item -->\n<div class=\"kf-menu-item element-anim-1 scroll-animate\" data-animate=\"active\">\n\t\t<div class=\"image kf-image-hover\">\n\t\t<a href=\"https:\/\/ebanorestaurantes.com\/wp-content\/uploads\/2025\/04\/preview-item-menu-pereira-web.webp\" data-elementor-open-lightbox=\"yes\" data-elementor-lightbox-title=\"COTOLETTA DE POLLO\"><img decoding=\"async\" src=\"https:\/\/ebanorestaurantes.com\/wp-content\/uploads\/2025\/04\/preview-item-menu-pereira-web.webp\" alt=\"CHICKEN CUTOLETTA\" title=\"\"><\/a>\n\t<\/div>\n\t\t<div class=\"desc\">\n\t\t<h5 class=\"name\">CHICKEN CUTOLETTA<\/h5>\n\t\t\t\t<div class=\"subname\">\n\t\t\tCrispy chicken Milanese, with spaghetti pomodoro, vegetables with basil pesto and balsamic reduction.\t\t<\/div>\n\t\t\t\t\t\t<div class=\"price\">\n\t\t\t$<span>60.000<\/span>\t\t<\/div>\n\t\t\t<\/div>\n<\/div>\n<!-- menu item end -->\n\t\t\t\t\t\t<\/div>\n\t\t\t\t\t\t\t\t\t\t\t\t<div class=\"col-xs-12 col-sm-12 col-md-6 col-lg-4\">\n\t\t\t\t\t\t\t\n\n<!-- menu item -->\n<div class=\"kf-menu-item element-anim-1 scroll-animate\" data-animate=\"active\">\n\t\t<div class=\"image kf-image-hover\">\n\t\t<a href=\"https:\/\/ebanorestaurantes.com\/wp-content\/uploads\/2025\/04\/preview-item-menu-pereira-web.webp\" data-elementor-open-lightbox=\"yes\" data-elementor-lightbox-title=\"POLLO A LA PARRILLA\"><img decoding=\"async\" src=\"https:\/\/ebanorestaurantes.com\/wp-content\/uploads\/2025\/04\/preview-item-menu-pereira-web.webp\" alt=\"GRILLED CHICKEN\" title=\"\"><\/a>\n\t<\/div>\n\t\t<div class=\"desc\">\n\t\t<h5 class=\"name\">GRILLED CHICKEN<\/h5>\n\t\t\t\t<div class=\"subname\">\n\t\t\tGrilled chicken breast cooked on volcanic stones with rustic potatoes and house salad.\t\t<\/div>\n\t\t\t\t\t\t<div class=\"price\">\n\t\t\t$<span>54.500<\/span>\t\t<\/div>\n\t\t\t<\/div>\n<\/div>\n<!-- menu item end -->\n\t\t\t\t\t\t<\/div>\n\t\t\t\t\t\t\t\t\t\t\t\t<div class=\"col-xs-12 col-sm-12 col-md-6 col-lg-4\">\n\t\t\t\t\t\t\t\n\n<!-- menu item -->\n<div class=\"kf-menu-item element-anim-1 scroll-animate\" data-animate=\"active\">\n\t\t<div class=\"image kf-image-hover\">\n\t\t<a href=\"https:\/\/ebanorestaurantes.com\/wp-content\/uploads\/2025\/04\/preview-item-menu-pereira-web.webp\" data-elementor-open-lightbox=\"yes\" data-elementor-lightbox-title=\"POLLO BRASEADO AL BARRIL Y CURRY\"><img decoding=\"async\" src=\"https:\/\/ebanorestaurantes.com\/wp-content\/uploads\/2025\/04\/preview-item-menu-pereira-web.webp\" alt=\"BARREL-BRAISED CHICKEN AND CURRY\" title=\"\"><\/a>\n\t<\/div>\n\t\t<div class=\"desc\">\n\t\t<h5 class=\"name\">BARREL-BRAISED CHICKEN AND CURRY<\/h5>\n\t\t\t\t\t\t<div class=\"price\">\n\t\t\t$<span>54.500<\/span>\t\t<\/div>\n\t\t\t<\/div>\n<\/div>\n<!-- menu item end -->\n\t\t\t\t\t\t<\/div>\n\t\t\t\t\t\t\t\t\t\t\t\t<div class=\"col-xs-12 col-sm-12 col-md-6 col-lg-4\">\n\t\t\t\t\t\t\t\n\n<!-- menu item -->\n<div class=\"kf-menu-item element-anim-1 scroll-animate\" data-animate=\"active\">\n\t\t<div class=\"image kf-image-hover\">\n\t\t<a href=\"https:\/\/ebanorestaurantes.com\/wp-content\/uploads\/2025\/04\/preview-item-menu-pereira-web.webp\" data-elementor-open-lightbox=\"yes\" data-elementor-lightbox-title=\"POLLO CRISPY\"><img decoding=\"async\" src=\"https:\/\/ebanorestaurantes.com\/wp-content\/uploads\/2025\/04\/preview-item-menu-pereira-web.webp\" alt=\"CRISPY CHICKEN\" title=\"\"><\/a>\n\t<\/div>\n\t\t<div class=\"desc\">\n\t\t<h5 class=\"name\">CRISPY CHICKEN<\/h5>\n\t\t\t\t<div class=\"subname\">\n\t\t\tPanko-breaded chicken breast, accompanied by mashed potatoes, roasted cherry tomatoes, asparagus, and red berries.\t\t<\/div>\n\t\t\t\t\t\t<div class=\"price\">\n\t\t\t$<span>62.000<\/span>\t\t<\/div>\n\t\t\t<\/div>\n<\/div>\n<!-- menu item end -->\n\t\t\t\t\t\t<\/div>\n\t\t\t\t\t\t\t\t\t\t\t<\/div>\n\t\t\t\t<\/div>\n\n\t\t\t\t\n\t\t\t\t\t\t\t\t\n\t\t\t<\/div>\n\t\t<\/section>\n\n\t\t\t\t\t\t<\/div>\n\t\t\t\t<\/div>\n\t\t\t\t\t<\/div>\n\t\t\t\t<\/div>\n\t\t\t\t<\/div>","protected":false},"excerpt":{"rendered":"<p>Pollo COTOLETTA DE POLLO Milanesa de pollo crocante, con spaghetti pomodoro, vegetales al pesto de albahaca y reducci\u00f3n bals\u00e1mica. $60.000 POLLO A LA PARRILLA Pechuga de pollo asada en parirla de piedras volc\u00e1nicas con papa r\u00fastica y ensalada de la casa. $54.500 POLLO BRASEADO&#8230; <\/p>\n<div class=\"readmore\"><a href=\"https:\/\/ebanorestaurantes.com\/en\/restaurant\/item\/pollo-crispy\/\" class=\"kf-btn-link\"><span>Read more<\/span> <i class=\"fas fa-chevron-right\"><\/i><\/a><\/div>","protected":false},"author":1,"featured_media":0,"parent":2668,"menu_order":0,"comment_status":"closed","ping_status":"closed","template":"template-layout-builder.php","meta":{"_acf_changed":false,"footnotes":""},"class_list":["post-4525","page","type-page","status-publish","hentry"],"acf":[],"_links":{"self":[{"href":"https:\/\/ebanorestaurantes.com\/en\/wp-json\/wp\/v2\/pages\/4525","targetHints":{"allow":["GET"]}}],"collection":[{"href":"https:\/\/ebanorestaurantes.com\/en\/wp-json\/wp\/v2\/pages"}],"about":[{"href":"https:\/\/ebanorestaurantes.com\/en\/wp-json\/wp\/v2\/types\/page"}],"author":[{"embeddable":true,"href":"https:\/\/ebanorestaurantes.com\/en\/wp-json\/wp\/v2\/users\/1"}],"replies":[{"embeddable":true,"href":"https:\/\/ebanorestaurantes.com\/en\/wp-json\/wp\/v2\/comments?post=4525"}],"version-history":[{"count":7,"href":"https:\/\/ebanorestaurantes.com\/en\/wp-json\/wp\/v2\/pages\/4525\/revisions"}],"predecessor-version":[{"id":5281,"href":"https:\/\/ebanorestaurantes.com\/en\/wp-json\/wp\/v2\/pages\/4525\/revisions\/5281"}],"up":[{"embeddable":true,"href":"https:\/\/ebanorestaurantes.com\/en\/wp-json\/wp\/v2\/pages\/2668"}],"wp:attachment":[{"href":"https:\/\/ebanorestaurantes.com\/en\/wp-json\/wp\/v2\/media?parent=4525"}],"curies":[{"name":"wp","href":"https:\/\/api.w.org\/{rel}","templated":true}]}}