{"id":4546,"date":"2025-11-14T08:30:26","date_gmt":"2025-11-14T13:30:26","guid":{"rendered":"https:\/\/ebanorestaurantes.com\/?page_id=4546"},"modified":"2026-02-27T11:45:24","modified_gmt":"2026-02-27T16:45:24","slug":"vegetarianos","status":"publish","type":"page","link":"https:\/\/ebanorestaurantes.com\/en\/pereira\/menu\/vegetarianos\/","title":{"rendered":"Vegetarianos | Men\u00fa Pereira"},"content":{"rendered":"<div data-elementor-type=\"wp-page\" data-elementor-id=\"4546\" class=\"elementor elementor-4546\" data-elementor-post-type=\"page\">\n\t\t\t\t<div class=\"elementor-element elementor-element-4b08a65 e-flex e-con-boxed e-con e-parent\" data-id=\"4b08a65\" data-element_type=\"container\" data-e-type=\"container\">\n\t\t\t\t\t<div class=\"e-con-inner\">\n\t\t\t\t<div class=\"elementor-element elementor-element-8716fc9 elementor-widget elementor-widget-heading\" data-id=\"8716fc9\" data-element_type=\"widget\" data-e-type=\"widget\" data-widget_type=\"heading.default\">\n\t\t\t\t<div class=\"elementor-widget-container\">\n\t\t\t\t\t<h2 class=\"elementor-heading-title elementor-size-default\">Vegetarians<\/h2>\t\t\t\t<\/div>\n\t\t\t\t<\/div>\n\t\t\t\t\t<\/div>\n\t\t\t\t<\/div>\n\t\t<div class=\"elementor-element elementor-element-507b136 e-flex e-con-boxed e-con e-parent\" data-id=\"507b136\" data-element_type=\"container\" data-e-type=\"container\" data-settings=\"{&quot;background_background&quot;:&quot;classic&quot;}\">\n\t\t\t\t\t<div class=\"e-con-inner\">\n\t\t\t\t<div class=\"elementor-element elementor-element-d1e7f8f elementor-widget elementor-widget-kaffen-restaurant-menu-grid\" data-id=\"d1e7f8f\" data-element_type=\"widget\" data-e-type=\"widget\" data-widget_type=\"kaffen-restaurant-menu-grid.default\">\n\t\t\t\t<div class=\"elementor-widget-container\">\n\t\t\t\t\t\n\t\t<!-- Section Menu -->\n\t\t<section class=\"section kf-menu-classic kf-parallax\">\n\t\t\t<div class=\"container\">\n\n\t\t\t\t\n\t\t\t\t\n\t\t\t\t\t\t\t\t<div class=\"kf-menu-items\">\n\t\t\t\t\t<div class=\"row\">\n\t\t\t\t\t\t\t\t\t\t\t\t<div class=\"col-xs-12 col-sm-12 col-md-6 col-lg-4\">\n\t\t\t\t\t\t\t\n\n<!-- menu item -->\n<div class=\"kf-menu-item element-anim-1 scroll-animate\" data-animate=\"active\">\n\t\t<div class=\"image kf-image-hover\">\n\t\t<a href=\"https:\/\/ebanorestaurantes.com\/wp-content\/uploads\/2025\/04\/preview-item-menu-pereira-web.webp\" data-elementor-open-lightbox=\"yes\" data-elementor-lightbox-title=\"ENSALADA BRIE\"><img decoding=\"async\" src=\"https:\/\/ebanorestaurantes.com\/wp-content\/uploads\/2025\/04\/preview-item-menu-pereira-web.webp\" alt=\"BRIE SALAD\" title=\"\"><\/a>\n\t<\/div>\n\t\t<div class=\"desc\">\n\t\t<h5 class=\"name\">BRIE SALAD<\/h5>\n\t\t\t\t<div class=\"subname\">\n\t\t\tFresh arugula, crispy brie cheese, fresh blueberries, caramelized pears, almond praline and balsamic vinegar reduction.\t\t<\/div>\n\t\t\t\t\t\t<div class=\"price\">\n\t\t\t$<span>61.000<\/span>\t\t<\/div>\n\t\t\t<\/div>\n<\/div>\n<!-- menu item end -->\n\t\t\t\t\t\t<\/div>\n\t\t\t\t\t\t\t\t\t\t\t\t<div class=\"col-xs-12 col-sm-12 col-md-6 col-lg-4\">\n\t\t\t\t\t\t\t\n\n<!-- menu item -->\n<div class=\"kf-menu-item element-anim-1 scroll-animate\" data-animate=\"active\">\n\t\t<div class=\"image kf-image-hover\">\n\t\t<a href=\"https:\/\/ebanorestaurantes.com\/wp-content\/uploads\/2025\/04\/preview-item-menu-pereira-web.webp\" data-elementor-open-lightbox=\"yes\" data-elementor-lightbox-title=\"FALAFEL SOBRE MEZCLUM MEDITERR\u00c1NEO\"><img decoding=\"async\" src=\"https:\/\/ebanorestaurantes.com\/wp-content\/uploads\/2025\/04\/preview-item-menu-pereira-web.webp\" alt=\"FALAFEL ON MEDITERRANEAN MIXTURE\" title=\"\"><\/a>\n\t<\/div>\n\t\t<div class=\"desc\">\n\t\t<h5 class=\"name\">FALAFEL ON MEDITERRANEAN MIXTURE<\/h5>\n\t\t\t\t<div class=\"subname\">\n\t\t\tFalafel, fresh leaf mix, avocado, spring onions, feta cheese, zucchini, eggplant, carrot, mushrooms and tomatoes with hummus foam and red wine reduction.\t\t<\/div>\n\t\t\t\t\t\t<div class=\"price\">\n\t\t\t$<span>50.000<\/span>\t\t<\/div>\n\t\t\t<\/div>\n<\/div>\n<!-- menu item end -->\n\t\t\t\t\t\t<\/div>\n\t\t\t\t\t\t\t\t\t\t\t\t<div class=\"col-xs-12 col-sm-12 col-md-6 col-lg-4\">\n\t\t\t\t\t\t\t\n\n<!-- menu item -->\n<div class=\"kf-menu-item element-anim-1 scroll-animate\" data-animate=\"active\">\n\t\t<div class=\"image kf-image-hover\">\n\t\t<a href=\"https:\/\/ebanorestaurantes.com\/wp-content\/uploads\/2025\/04\/preview-item-menu-pereira-web.webp\" data-elementor-open-lightbox=\"yes\" data-elementor-lightbox-title=\"PORTOBELLOS A LA PARRILLA\"><img decoding=\"async\" src=\"https:\/\/ebanorestaurantes.com\/wp-content\/uploads\/2025\/04\/preview-item-menu-pereira-web.webp\" alt=\"GRILLED PORTOBELLO MUSHROOMS\" title=\"\"><\/a>\n\t<\/div>\n\t\t<div class=\"desc\">\n\t\t<h5 class=\"name\">GRILLED PORTOBELLO MUSHROOMS<\/h5>\n\t\t\t\t<div class=\"subname\">\n\t\t\tIn pomodoro sauce and a mix of green leaves with organic ingredients.\t\t<\/div>\n\t\t\t\t\t\t<div class=\"price\">\n\t\t\t$<span>41.000<\/span>\t\t<\/div>\n\t\t\t<\/div>\n<\/div>\n<!-- menu item end -->\n\t\t\t\t\t\t<\/div>\n\t\t\t\t\t\t\t\t\t\t\t\t<div class=\"col-xs-12 col-sm-12 col-md-6 col-lg-4\">\n\t\t\t\t\t\t\t\n\n<!-- menu item -->\n<div class=\"kf-menu-item element-anim-1 scroll-animate\" data-animate=\"active\">\n\t\t<div class=\"image kf-image-hover\">\n\t\t<a href=\"https:\/\/ebanorestaurantes.com\/wp-content\/uploads\/2025\/04\/preview-item-menu-pereira-web.webp\" data-elementor-open-lightbox=\"yes\" data-elementor-lightbox-title=\"TAZ\u00d3N DE TOFU\"><img decoding=\"async\" src=\"https:\/\/ebanorestaurantes.com\/wp-content\/uploads\/2025\/04\/preview-item-menu-pereira-web.webp\" alt=\"TOFU BOWL\" title=\"\"><\/a>\n\t<\/div>\n\t\t<div class=\"desc\">\n\t\t<h5 class=\"name\">TOFU BOWL<\/h5>\n\t\t\t\t<div class=\"subname\">\n\t\t\tGrilled tofu cheese, avocado, sushi rice, seasonal fruit, cilantro, scallions with Tokyo dressing and crispy nori seaweed.\t\t<\/div>\n\t\t\t\t\t\t<div class=\"price\">\n\t\t\t$<span>42.000<\/span>\t\t<\/div>\n\t\t\t<\/div>\n<\/div>\n<!-- menu item end -->\n\t\t\t\t\t\t<\/div>\n\t\t\t\t\t\t\t\t\t\t\t<\/div>\n\t\t\t\t<\/div>\n\n\t\t\t\t\n\t\t\t\t\t\t\t\t\n\t\t\t<\/div>\n\t\t<\/section>\n\n\t\t\t\t\t\t<\/div>\n\t\t\t\t<\/div>\n\t\t\t\t\t<\/div>\n\t\t\t\t<\/div>\n\t\t\t\t<\/div>","protected":false},"excerpt":{"rendered":"<p>Vegetarianos ENSALADA BRIE R\u00fagula fresca, queso brie crocante, ar\u00e1ndanos frescos, peras caramelizadas, praline de almendras y reducci\u00f3n de vinagre bals\u00e1mico. $61.000 FALAFEL SOBRE MEZCLUM MEDITERR\u00c1NEO Falafel, mix de hojas frescas, aguacate, cebolletas, queso feta, zucchini, berenjena, zanahoria, hongos y tomates con espuma de humus&#8230; <\/p>\n<div class=\"readmore\"><a href=\"https:\/\/ebanorestaurantes.com\/en\/restaurant\/item\/tazon-de-tofu\/\" class=\"kf-btn-link\"><span>Read more<\/span> <i class=\"fas fa-chevron-right\"><\/i><\/a><\/div>","protected":false},"author":1,"featured_media":0,"parent":2668,"menu_order":0,"comment_status":"closed","ping_status":"closed","template":"template-layout-builder.php","meta":{"_acf_changed":false,"footnotes":""},"class_list":["post-4546","page","type-page","status-publish","hentry"],"acf":[],"_links":{"self":[{"href":"https:\/\/ebanorestaurantes.com\/en\/wp-json\/wp\/v2\/pages\/4546","targetHints":{"allow":["GET"]}}],"collection":[{"href":"https:\/\/ebanorestaurantes.com\/en\/wp-json\/wp\/v2\/pages"}],"about":[{"href":"https:\/\/ebanorestaurantes.com\/en\/wp-json\/wp\/v2\/types\/page"}],"author":[{"embeddable":true,"href":"https:\/\/ebanorestaurantes.com\/en\/wp-json\/wp\/v2\/users\/1"}],"replies":[{"embeddable":true,"href":"https:\/\/ebanorestaurantes.com\/en\/wp-json\/wp\/v2\/comments?post=4546"}],"version-history":[{"count":8,"href":"https:\/\/ebanorestaurantes.com\/en\/wp-json\/wp\/v2\/pages\/4546\/revisions"}],"predecessor-version":[{"id":5287,"href":"https:\/\/ebanorestaurantes.com\/en\/wp-json\/wp\/v2\/pages\/4546\/revisions\/5287"}],"up":[{"embeddable":true,"href":"https:\/\/ebanorestaurantes.com\/en\/wp-json\/wp\/v2\/pages\/2668"}],"wp:attachment":[{"href":"https:\/\/ebanorestaurantes.com\/en\/wp-json\/wp\/v2\/media?parent=4546"}],"curies":[{"name":"wp","href":"https:\/\/api.w.org\/{rel}","templated":true}]}}